{"id":406,"date":"2021-08-05T08:47:32","date_gmt":"2021-08-05T08:47:32","guid":{"rendered":"https:\/\/twinflamelove.de\/?page_id=406"},"modified":"2024-04-18T19:21:43","modified_gmt":"2024-04-18T19:21:43","slug":"rezensionen","status":"publish","type":"page","link":"https:\/\/twinflamelove.de\/index.php\/rezensionen\/","title":{"rendered":"Feedback"},"content":{"rendered":"<p><img loading=\"lazy\" decoding=\"async\" class=\" wp-image-412 alignright\" src=\"https:\/\/twinflamelove.de\/wp-content\/uploads\/2021\/08\/1AEEF5DC-B939-44C4-8BB5-E85AE40461B2-300x199.jpeg\" alt=\"\" width=\"264\" height=\"175\" srcset=\"https:\/\/twinflamelove.de\/wp-content\/uploads\/2021\/08\/1AEEF5DC-B939-44C4-8BB5-E85AE40461B2-300x199.jpeg 300w, https:\/\/twinflamelove.de\/wp-content\/uploads\/2021\/08\/1AEEF5DC-B939-44C4-8BB5-E85AE40461B2-1024x681.jpeg 1024w, https:\/\/twinflamelove.de\/wp-content\/uploads\/2021\/08\/1AEEF5DC-B939-44C4-8BB5-E85AE40461B2-768x510.jpeg 768w, https:\/\/twinflamelove.de\/wp-content\/uploads\/2021\/08\/1AEEF5DC-B939-44C4-8BB5-E85AE40461B2-1536x1021.jpeg 1536w, https:\/\/twinflamelove.de\/wp-content\/uploads\/2021\/08\/1AEEF5DC-B939-44C4-8BB5-E85AE40461B2.jpeg 1920w\" sizes=\"auto, (max-width: 264px) 100vw, 264px\" \/>Auf dieser Seite findet ihr einige Stimmen von Kunden \/ Kundinnen. Danke von Herzen \u2665\u00a0f\u00fcr die Zusammenarbeit mit jeder und jedem Einzelnen von Euch!\u00a0Ich freue mich sehr, wenn ich mit meiner Arbeit helfen kann und Euch ein kleines St\u00fcck des Weges begleiten darf!<\/p>\n<p>&nbsp;<\/p>\n<p>&nbsp;<\/p>\n<p><span style=\"color: #3366ff;\">Janina (Coaching):<\/span><\/p>\n<p><em>\u201eSeit ich vor 2 Wochen auf deinen Podcast gesto\u00dfen bin, Liebe Cathi, hat sich f\u00fcr mich eine ganz neue Welt er\u00f6ffnet. Ich hatte vorher noch nie etwas von Zwillingsflammen geh\u00f6rt und h\u00e4tte noch vor einiger Zeit die H\u00e4nde \u00fcber dem Kopf zusammengeschlagen. Allerdings ergibt jetzt alles einen Sinn. Gespr\u00e4che, die ich mit meiner Zwillingsflamme gef\u00fchrt und nicht verstanden habe, Handlungen und \u201eNicht&#8220;-Handlungen&#8230; Ein Puzzle f\u00fcgt sich zusammen. Und das ist eine absolut fantastische Erfahrung. I love it.&#8220;<\/em><\/p>\n<p><span style=\"color: #3366ff;\">Sina (Coaching):<\/span><\/p>\n<p><em>\u201eIch habe Cathi durch ihren Podcast entdeckt und entdeckte in ihrer Geschichte viele Parallelen zu meiner eigenen. Aus diesem Grund habe ich eine Beratung bei ihr gebucht. Cathi hat eine sehr herzliche und klare Art zu kommunizieren. Ich. habe einige sehr wertvolle Impulse an die Hand bekommen. Mir tat es gut, mit jemandem wie Cathi zu sprechen, die den Weg bereits gegangen ist und ich alles in einem angst- und wertfreien Raum aussprechen konnte. Das wird sicher nicht der letzte Kontakt gewesen sein und kann Cathi daher nur empfehlen.&#8220;<\/em><\/p>\n<p><span style=\"color: #3366ff;\">Caroline (Coaching):<\/span><\/p>\n<p><em>\u201eLiebe Cathi, danke dir f\u00fcr das Gespr\u00e4ch und Vertrauen, das ich bei dir finden durfte. F\u00fcr mich war es sehr hilfreich mit dir zu reden und mich beraten zu lassen, mit dem wichtigen Thema Zwillingsflamme. Ich war sehr verunsichert und du konntest mir das Vertrauen meines Gef\u00fchls bringen. Denn die Antwort liegt eigentlich in mir. Danke, du tolle Seele!&#8220;<\/em><\/p>\n<p><span style=\"color: #3366ff;\">Andrea (Coaching):<\/span><\/p>\n<p><em>\u201eHallo liebe Cathi! Du hast mich bisher zweimal gecoacht. Du wei\u00dft viel, du sp\u00fcrst viel und das war f\u00fcr mich sehr beruhigend, dass du meine vielen Fragen beantworten kannst. Und wenn ich nur zu erz\u00e4hlen habe und ich rede und rede &#8211; du h\u00f6rst geduldig zu, was mir wichtig ist. Du hast mir bisher schon viel geholfen. Beruhigend, dass es solche tolle Menschen gibt wie dich. Ich bin sehr dankbar daf\u00fcr. Liebe Gr\u00fc\u00dfe <span class=\"il\">Andrea<\/span>.&#8220;<\/em><\/p>\n<p><span style=\"color: #3366ff;\">Patrick (Coaching):<\/span><\/p>\n<p><em>\u201eLiebe Cathi ich m\u00f6chte mich auf diesem Wege, bei dir vom ganzen Herzen bedanken. Deine empathische Art und dein Wissen sind einfach unglaublich. Du hilfst so vielen Menschen und daf\u00fcr danke ich dir sehr.&#8220;<\/em><\/p>\n<p><span style=\"color: #3366ff;\">Maria (Coaching):<\/span><\/p>\n<div><em>\u201eLiebe Cathi. Habe ganz lieben Dank f\u00fcr das offene und einf\u00fchlsame Gespr\u00e4ch. Ich bin sehr froh im Dualseelen Dschungel auf dich gestossen zu sein. Das Gespr\u00e4ch hat mir Mut gemacht f\u00fcr meine weiteren Schritte und mich darin best\u00e4rkt, dass alles so richtig ist wie es ist. Du hast einen riesigen\u00a0Erfahrungschatz und ich hoffe du kannst in diesem wundersch\u00f6nen aber teilweise auch schweren Thema noch vielen Menschen weiterhelfen.<\/em><\/div>\n<div><em>Danke f\u00fcr deine Zeit.\u00a0Alles Liebe &lt;3&#8243;<\/em><\/div>\n<p>&nbsp;<\/p>\n<p><span style=\"color: #3366ff;\">Tobias (Beratung):<\/span><\/p>\n<p><em>\u201eBereits beim ersten Kontakt habe ich mich bei Cathi total wohl, gesehen und mit meinem Thema akzeptiert gef\u00fchlt. <\/em><em>Das ist bei dem Dualseelen Thema sonst ja eher selten, wenn man mit anderen \u00a0Menschen dar\u00fcber spricht.\u00a0<\/em><em>Deshalb konnte ich mich auch voll auf Ihre Unterst\u00fctzung einlassen. <\/em><em>F\u00fcr mich konnten dadurch ganz wichtige Impulse wirklich in mir angekommen f\u00fcr meinen Weg zu meiner eigenen Mitte.&#8220;<\/em><\/p>\n<p><span style=\"color: #3366ff;\">Claudia (Energiefeldreading):<\/span><\/p>\n<p><em>&#8222;Cathi hat au\u00dfergew\u00f6hnliche F\u00e4higkeiten. Sie erkennt, wo man gerade steht, was einen auf tieferer Ebene bewegt und wie die n\u00e4chsten Schritte aussehen k\u00f6nnten. Daf\u00fcr findet sie sehr stimmige Bilder. Cathi ist sehr einf\u00fchlsam und erg\u00e4nzt ihre Einsichten mit konstruktiven Vorschl\u00e4gen. Kurz gesagt: Man f\u00fchlt sich wunderbar aufgehoben. Vielen herzlichen Dank!&#8220;<\/em><\/p>\n<p><span style=\"color: #3366ff;\">Alesia (Coaching):<\/span><\/p>\n<div><em>&#8222;Liebe Cathi,\u00a0<\/em><\/div>\n<div><em>vielen Dank f\u00fcr das angenehme Gespr\u00e4ch. Du konntest mir durch Deine Erfahrung und Dein Wissen viele Zweifel und \u00c4ngste nehmen. Aber auch weitere M\u00f6glichkeiten aufzeigen, wie ich im Prozess weiterkomme. Ich habe mich bei Dir sehr aufgehoben und verstanden gef\u00fchlt. Vielen Dank!&#8220;<\/em><\/div>\n<div><\/div>\n<div><\/div>\n<div><span style=\"color: #3366ff;\">Sonja (Coaching):\u00a0<\/span><\/div>\n<p><em>&#8222;Liebe Cathi, ich bin sehr begeistert von deiner ruhigen und sympathischen Art. Du hast ein Gesp\u00fcr daf\u00fcr, woran ich wohl noch arbeiten sollte. Es war sehr sch\u00f6n mit dir zu sprechen, weil du die Dinge bestehst, die in mir herumgeistern.&#8220;<\/em><\/p>\n<p><span style=\"color: #3366ff;\">Ivana (Energiefeldreading \/ Coaching):<\/span><\/p>\n<p><em>&#8222;Liebe Cathi, vielen lieben Dank f\u00fcr deine Heilarbeit und deine F\u00fcrsorge f\u00fcr mich und meine Familie \u2764\ufe0fSchon nach einigen Tagen f\u00fchlte ich mich frei und sehr Wohl nach deiner Sitzung und das w\u00fcrde ich jedem empfehlen mit dir die Seele zu heilen ??Danke, liebe Cathi!&#8220;<\/em><\/p>\n<p><span style=\"color: #3366ff;\">Tanja (Energiefeldreading):<\/span><\/p>\n<p>&#8222;<em>Liebe Cathi,<\/em><br \/>\n<em>Vielen Dank f\u00fcr deine Zeit und deine Arbeit. Du hast dir wirklich sehr viel M\u00fche gegeben und deine Ratschl\u00e4ge, Tipps, Hilfestellung waren extrem hilfreich. Kann dich echt nur jedem empfehlen wer sich weiter entwickeln m\u00f6chte und mehr \u00fcber sich selbst herausfinden m\u00f6chte. Was du durch die Energiearbeit gesehen und gef\u00fchlt hast ist echt der Wahnsinn. Du bist wirklich auch eine sehr sympathische Frau.&#8220;<\/em><\/p>\n<p><span style=\"color: #3366ff;\">Nicole (Coaching):<\/span><\/p>\n<p><em>&#8222;Gl\u00fccklicherweise bin ich \u00fcber die Podcasts auf die Liebe Cathi gesto\u00dfen. Ich habe mich von ihr beraten lassen, da ich sehr viele offenen Fragen und Zweifel hatte, die sie mir bereits im ersten Telefonat nehmen konnte. Durch ihre warme, einf\u00fchlsame und sehr liebevolle Art fiel es mir leicht mich zu \u00f6ffnen. Ich konnte mich endlich mit jemandem \u00fcber das Thema Zwillingsflamme austauschen und habe mich endlich verstanden gef\u00fchlt. Die Liebe Cathi hat sehr schnell Licht ins Dunkle gebracht. Au\u00dferdem habe ich sehr viele hilfreiche Tipps an die Hand bekommen. Mir tat die Beratung sehr gut, ich habe es nicht bereut und es war definitiv nicht das letzte Mal.&#8220;<\/em><\/p>\n<p>&nbsp;<\/p>\n","protected":false},"excerpt":{"rendered":"<p>Auf dieser Seite findet ihr einige Stimmen von Kunden \/ Kundinnen. Danke von Herzen \u2665\u00a0f\u00fcr die Zusammenarbeit mit jeder und jedem Einzelnen von Euch!\u00a0Ich freue mich sehr, wenn ich mit meiner Arbeit helfen kann und Euch ein kleines St\u00fcck des Weges begleiten darf! &nbsp; &nbsp; Janina (Coaching): \u201eSeit ich vor 2 Wochen auf deinen Podcast [&hellip;]<\/p>\n","protected":false},"author":1,"featured_media":0,"parent":0,"menu_order":0,"comment_status":"closed","ping_status":"closed","template":"","meta":{"footnotes":""},"class_list":["post-406","page","type-page","status-publish","hentry"],"_links":{"self":[{"href":"https:\/\/twinflamelove.de\/index.php\/wp-json\/wp\/v2\/pages\/406","targetHints":{"allow":["GET"]}}],"collection":[{"href":"https:\/\/twinflamelove.de\/index.php\/wp-json\/wp\/v2\/pages"}],"about":[{"href":"https:\/\/twinflamelove.de\/index.php\/wp-json\/wp\/v2\/types\/page"}],"author":[{"embeddable":true,"href":"https:\/\/twinflamelove.de\/index.php\/wp-json\/wp\/v2\/users\/1"}],"replies":[{"embeddable":true,"href":"https:\/\/twinflamelove.de\/index.php\/wp-json\/wp\/v2\/comments?post=406"}],"version-history":[{"count":36,"href":"https:\/\/twinflamelove.de\/index.php\/wp-json\/wp\/v2\/pages\/406\/revisions"}],"predecessor-version":[{"id":726,"href":"https:\/\/twinflamelove.de\/index.php\/wp-json\/wp\/v2\/pages\/406\/revisions\/726"}],"wp:attachment":[{"href":"https:\/\/twinflamelove.de\/index.php\/wp-json\/wp\/v2\/media?parent=406"}],"curies":[{"name":"wp","href":"https:\/\/api.w.org\/{rel}","templated":true}]}}