{"id":1606,"date":"2026-04-11T17:16:39","date_gmt":"2026-04-11T17:16:39","guid":{"rendered":"https:\/\/twinflamelove.de\/?page_id=1606"},"modified":"2026-04-11T17:23:40","modified_gmt":"2026-04-11T17:23:40","slug":"energiefeldreading-2","status":"publish","type":"page","link":"https:\/\/twinflamelove.de\/index.php\/angebote-2\/energiefeldreading-2\/","title":{"rendered":"4-w\u00f6chige Begleitung"},"content":{"rendered":"<div data-colibri-id=\"1606-c1\" class=\"style-572 style-local-1606-c1 position-relative\">\n  <!---->\n  <div data-colibri-component=\"section\" data-colibri-id=\"1606-c2\" id=\"about\" class=\"h-section h-section-global-spacing d-flex align-items-lg-center align-items-md-center align-items-center style-573 style-local-1606-c2 position-relative\">\n    <!---->\n    <!---->\n    <div class=\"h-section-grid-container h-section-boxed-container\">\n      <!---->\n      <div data-colibri-id=\"1606-c3\" class=\"h-row-container gutters-row-lg-2 gutters-row-md-2 gutters-row-2 gutters-row-v-lg-2 gutters-row-v-md-2 gutters-row-v-2 style-574 style-local-1606-c3 position-relative\">\n        <!---->\n        <div class=\"h-row justify-content-lg-center justify-content-md-center justify-content-center align-items-lg-center align-items-md-center align-items-center gutters-col-lg-2 gutters-col-md-2 gutters-col-2 gutters-col-v-lg-2 gutters-col-v-md-2 gutters-col-v-2\">\n          <!---->\n          <div class=\"h-column h-column-container d-flex h-col-lg-auto h-col-md-auto h-col-auto align-self-lg-center align-self-md-center align-self-center style-575-outer style-local-1606-c4-outer\">\n            <div data-colibri-id=\"1606-c4\" class=\"d-flex h-flex-basis h-column__inner h-px-lg-0 h-px-md-0 h-px-0 v-inner-lg-0 v-inner-md-0 v-inner-0 style-575 style-local-1606-c4 position-relative\">\n              <!---->\n              <!---->\n              <div class=\"w-100 h-y-container h-column__content h-column__v-align flex-basis-100 align-self-lg-center align-self-md-center align-self-center\">\n                <!---->\n                <div data-colibri-id=\"1606-c5\" class=\"h-global-transition-all h-heading style-576 style-local-1606-c5 position-relative h-element\">\n                  <!---->\n                  <div class=\"h-heading__outer style-576 style-local-1606-c5\">\n                    <!---->\n                    <!---->\n                    <h3 class=\"\">Deine 4-w\u00f6chige Begleitung<\/h3>\n                  <\/div>\n                <\/div>\n                <div data-colibri-id=\"1606-c6\" class=\"h-text h-text-component style-577 style-local-1606-c6 position-relative h-element\">\n                  <!---->\n                  <!---->\n                  <div class=\"\">\n                    <p>Ich begleite dich vier Wochen durch die verschiedensten Themen mit deiner Dualseele und nat\u00fcrlich durch deine Themen. Gemeinsam schauen wir uns in 4 Sitzungen zwischen 45 und 60 Minuten an, wo du gerade stehst und l\u00f6sen, was gel\u00f6st\n                      werden darf &#8211; ganz individuell.&nbsp;<\/p>\n                  <\/div>\n                <\/div>\n              <\/div>\n            <\/div>\n          <\/div>\n          <div class=\"h-column h-column-container d-flex h-col-lg-auto h-col-md-auto h-col-auto align-self-lg-center align-self-md-center align-self-center style-578-outer style-local-1606-c7-outer\">\n            <div data-colibri-id=\"1606-c7\" class=\"d-flex h-flex-basis h-column__inner h-px-lg-0 h-px-md-0 h-px-0 v-inner-lg-0 v-inner-md-0 v-inner-0 style-578 style-local-1606-c7 position-relative\">\n              <!---->\n              <!---->\n              <div class=\"w-100 h-y-container h-column__content h-column__v-align flex-basis-100 align-self-lg-center align-self-md-center align-self-center\">\n                <!---->\n                <div data-colibri-id=\"1606-c8\" class=\"h-multiple-image style-579 style-local-1606-c8 position-relative h-element\">\n                  <!---->\n                  <div class=\"position-relative\">\n                    <div class=\"h-multiple-image-inside-container\">\n                      <div class=\"ratio-inner\">\n                        <div data-colibri-id=\"1606-c9\" class=\"d-block style-580 style-local-1606-c9 position-relative h-element\">\n                          <!---->\n                          <div class=\"h-image__frame-container-outer\">\n                            <div class=\"h-image__frame-container\">\n                              <!---->\n                              <!---->\n                              <img loading=\"lazy\" decoding=\"async\" width=\"1253\" height=\"1440\" src=\"https:\/\/twinflamelove.de\/wp-content\/uploads\/2021\/06\/cropped-cropped-131A4DD9-B26D-46CC-B0B6-234A49A51B44_1_201_a-scaled-1.jpeg\" class=\"style-579-images style-local-1606-c8-images wp-image-1355 style-580-image style-local-1606-c9-image\" alt=\"\" srcset=\"https:\/\/twinflamelove.de\/wp-content\/uploads\/2021\/06\/cropped-cropped-131A4DD9-B26D-46CC-B0B6-234A49A51B44_1_201_a-scaled-1.jpeg 1253w, https:\/\/twinflamelove.de\/wp-content\/uploads\/2021\/06\/cropped-cropped-131A4DD9-B26D-46CC-B0B6-234A49A51B44_1_201_a-scaled-1-261x300.jpeg 261w, https:\/\/twinflamelove.de\/wp-content\/uploads\/2021\/06\/cropped-cropped-131A4DD9-B26D-46CC-B0B6-234A49A51B44_1_201_a-scaled-1-891x1024.jpeg 891w, https:\/\/twinflamelove.de\/wp-content\/uploads\/2021\/06\/cropped-cropped-131A4DD9-B26D-46CC-B0B6-234A49A51B44_1_201_a-scaled-1-768x883.jpeg 768w\" sizes=\"auto, (max-width: 1253px) 100vw, 1253px\" \/>\n                              <div class=\"h-image__frame h-hide-lg h-hide-md h-hide-sm style-580-frameImage style-local-1606-c9-frameImage\"><\/div>\n                            <\/div>\n                          <\/div>\n                        <\/div>\n                        <div data-colibri-id=\"1606-c10\" class=\"d-block style-581 style-local-1606-c10 position-relative h-element\">\n                          <!---->\n                          <div class=\"h-image__frame-container-outer\">\n                            <div class=\"h-image__frame-container\">\n                              <!---->\n                              <div class=\"h-image__overlay style-581-overlay style-local-1606-c10-overlay\">\n                                <div class=\"overlay-layer\">\n                                  <div class=\"overlay-image-layer\" style=\"background-color: rgb(215, 228, 228); opacity: 0.5;\"><\/div>\n                                <\/div>\n                              <\/div>\n                              <img loading=\"lazy\" decoding=\"async\" width=\"802\" height=\"1200\" src=\"https:\/\/twinflamelove.de\/wp-content\/uploads\/2025\/07\/cropped-cropped-cropped-354f336f-0d6a-4400-96de-6c314bcac1ba-1-1.jpg\" class=\"style-579-images style-local-1606-c8-images wp-image-1617 style-581-image style-local-1606-c10-image\" alt=\"\" srcset=\"https:\/\/twinflamelove.de\/wp-content\/uploads\/2025\/07\/cropped-cropped-cropped-354f336f-0d6a-4400-96de-6c314bcac1ba-1-1.jpg 802w, https:\/\/twinflamelove.de\/wp-content\/uploads\/2025\/07\/cropped-cropped-cropped-354f336f-0d6a-4400-96de-6c314bcac1ba-1-1-201x300.jpg 201w, https:\/\/twinflamelove.de\/wp-content\/uploads\/2025\/07\/cropped-cropped-cropped-354f336f-0d6a-4400-96de-6c314bcac1ba-1-1-684x1024.jpg 684w, https:\/\/twinflamelove.de\/wp-content\/uploads\/2025\/07\/cropped-cropped-cropped-354f336f-0d6a-4400-96de-6c314bcac1ba-1-1-768x1149.jpg 768w\" sizes=\"auto, (max-width: 802px) 100vw, 802px\" \/>\n                              <div class=\"h-image__frame h-hide-lg h-hide-md h-hide-sm style-581-frameImage style-local-1606-c10-frameImage\"><\/div>\n                            <\/div>\n                          <\/div>\n                        <\/div>\n                      <\/div>\n                    <\/div>\n                  <\/div>\n                <\/div>\n              <\/div>\n            <\/div>\n          <\/div>\n        <\/div>\n      <\/div>\n    <\/div>\n  <\/div>\n  <div data-colibri-component=\"section\" data-colibri-id=\"1606-c11\" id=\"overlappable\" class=\"h-section h-section-global-spacing d-flex align-items-lg-center align-items-md-center align-items-center style-582 style-local-1606-c11 position-relative\">\n    <!---->\n    <!---->\n    <div class=\"h-section-grid-container h-section-boxed-container\">\n      <!---->\n      <div data-colibri-id=\"1606-c12\" class=\"h-row-container gutters-row-lg-0 gutters-row-md-0 gutters-row-0 gutters-row-v-lg-0 gutters-row-v-md-0 gutters-row-v-0 style-583 style-local-1606-c12 position-relative\">\n        <!---->\n        <div class=\"h-row justify-content-lg-center justify-content-md-center justify-content-center align-items-lg-stretch align-items-md-stretch align-items-stretch gutters-col-lg-0 gutters-col-md-0 gutters-col-0 gutters-col-v-lg-0 gutters-col-v-md-0 gutters-col-v-0\">\n          <!---->\n          <div class=\"h-column h-column-container d-flex h-col-lg-4 h-col-md-4 h-col-12 style-584-outer style-local-1606-c13-outer\">\n            <div data-colibri-id=\"1606-c13\" class=\"d-flex h-flex-basis h-column__inner h-px-lg-3 h-px-md-3 h-px-2 v-inner-lg-3 v-inner-md-3 v-inner-2 style-584 style-local-1606-c13 position-relative\">\n              <!---->\n              <!---->\n              <div class=\"w-100 h-y-container h-column__content h-column__v-align flex-basis-100 align-self-lg-start align-self-md-start align-self-start\">\n                <!---->\n                <div data-colibri-id=\"1606-c14\" class=\"h-icon style-585 style-local-1606-c14 position-relative h-element\">\n                  <!----><span class=\"h-svg-icon h-icon__icon style-585-icon style-local-1606-c14-icon\"><!--Icon by Icons8 Line Awesome (https:\/\/icons8.com\/line-awesome)--><svg version=\"1.1\" xmlns=\"http:\/\/www.w3.org\/2000\/svg\" xmlns:xlink=\"http:\/\/www.w3.org\/1999\/xlink\" id=\"forumbee\" viewBox=\"0 0 512 545.5\"><path d=\"M256 79.5c14.992 0 29.404 1.492 43.5 4.5-116.736 43.552-203.864 137.744-247 250-3.344-14.816-5-30.16-5-46 0-114.992 93.492-208.5 208.5-208.5zm118 37c16.848 11.68 32.264 25.968 45 42-56.928 14.832-221.192 75.54-293 292.5-15.872-12.624-29.9-27.828-41.5-44.5 66.8-209.152 233.532-273.824 289.5-290zm73.5 89.5c7.136 16.688 11.94 34.408 14.5 53-151.824 61.856-214.352 185.576-234 235-18.544-2.48-36.328-7.476-53-14.5 19.504-58.336 87.124-213.884 272.5-273.5zM462 317.5c-3.984 27.904-13.596 53.8-27.5 77C444.227 422.42 464 496 464 496l-99.5-30.5c-23.024 14.112-49.208 23.712-77 28 9.696-22.096 32.36-61.464 81-107 42.816-40.08 74.284-59.464 93.5-69z\"><\/path><\/svg><\/span><\/div>\n                <div\n                  data-colibri-id=\"1606-c15\" class=\"h-global-transition-all h-heading style-586 style-local-1606-c15 position-relative h-element\">\n                  <!---->\n                  <div class=\"h-heading__outer style-586 style-local-1606-c15\">\n                    <!---->\n                    <!---->\n                    <h5 class=\"\">Wie l\u00e4uft die Begleitung?<\/h5>\n                  <\/div>\n              <\/div>\n              <div data-colibri-id=\"1606-c16\" class=\"h-text h-text-component style-587 style-local-1606-c16 position-relative h-element\">\n                <!---->\n                <!---->\n                <div class=\"\">\n                  <ul>\n                    <li>4 Termine innerhalb der vier Wochen oder je nachdem, wie du es f\u00fcr dich ben\u00f6tigst.&nbsp;<\/li>\n                    <li>Wir telefonieren \/ zoomen und werden gemeinsam deine Blockaden l\u00f6sen.<\/li>\n                    <li>Ich stehe dir f\u00fcr Fragen via WhatsApp \/ Telegram zwischen den Terminen zur Verf\u00fcgung.&nbsp;<\/li>\n                    <li>Wir besprechen die Ergebnisse und wie es f\u00fcr dich weitergeht.&nbsp;<\/li>\n                  <\/ul>\n                  <p>\n                    <u>Deine Investition: 650 \u20ac (inkl. Mwst.)<\/u>\n                  <\/p>\n                  <p>\n                    <br>\n                  <\/p>\n                <\/div>\n              <\/div>\n            <\/div>\n          <\/div>\n        <\/div>\n        <div class=\"h-column h-column-container d-flex h-col-lg-4 h-col-md-4 h-col-12 style-588-outer style-local-1606-c17-outer\">\n          <div data-colibri-id=\"1606-c17\" class=\"d-flex h-flex-basis h-column__inner h-px-lg-3 h-px-md-3 h-px-3 v-inner-lg-3 v-inner-md-3 v-inner-3 style-588 style-local-1606-c17 position-relative\">\n            <!---->\n            <!---->\n            <div class=\"w-100 h-y-container h-column__content h-column__v-align flex-basis-100 align-self-lg-start align-self-md-start align-self-start\">\n              <!---->\n              <div data-colibri-id=\"1606-c18\" class=\"h-icon style-589 style-local-1606-c18 position-relative h-element\">\n                <!----><span class=\"h-svg-icon h-icon__icon style-589-icon style-local-1606-c18-icon\"><!--Icon by Icons8 Line Awesome (https:\/\/icons8.com\/line-awesome)--><svg version=\"1.1\" xmlns=\"http:\/\/www.w3.org\/2000\/svg\" xmlns:xlink=\"http:\/\/www.w3.org\/1999\/xlink\" id=\"cubes\" viewBox=\"0 0 512 545.5\"><path d=\"M256 96l6 2.5 96 38.5 10 4v107.5l86.5 37.5 9.5 4.5v129l-8 5-96 53.5-7.5 4-7.5-3.5-89-44.5-89 44.5-7.5 3.5-7.5-4-96-53.5-8-5v-129l9.5-4.5 86.5-37.5V141l10-4 96-38.5zm0 35l-52.5 20.5L256 172l52.5-20.5zm-80 44v74l64 28.5v-78zm160 0l-64 24.5v78l64-28.5v-74zM160 277l-58 25 58 29 58-28.5zm192 0l-40 17.5-18 8 58 28.5 58-29zM80 326.5V401l64 36v-78.5zm352 0l-64 32V437l64-36v-74.5zm-192 1l-64 31V438l64-32v-78.5zm32 0V406l64 32v-79.5z\"><\/path><\/svg><\/span><\/div>\n              <div\n                data-colibri-id=\"1606-c19\" class=\"h-text h-text-component style-590 style-local-1606-c19 position-relative h-element\">\n                <!---->\n                <!---->\n                <div class=\"\">\n                  <p>Kontaktiere mich gern, wenn du dir nicht sicher bist, ob ein Reading f\u00fcr dich gerade richtig ist. Ich kann dir helfen!<\/p>\n                <\/div>\n            <\/div>\n            <div data-colibri-id=\"1606-c20\" class=\"h-x-container style-591 style-local-1606-c20 position-relative h-element\">\n              <!---->\n              <div class=\"h-x-container-inner style-dynamic-1606-c20-group style-591-spacing style-local-1606-c20-spacing\"><span class=\"h-button__outer style-592-outer style-local-1606-c21-outer d-inline-flex h-element\"><a h-use-smooth-scroll=\"true\" href=\"https:\/\/twinflamelove.de\/index.php\/kontakt\/\"  data-colibri-id=\"1606-c21\" class=\"d-flex w-100 align-items-center h-button justify-content-lg-center justify-content-md-center justify-content-center style-592 style-local-1606-c21 position-relative\"><!----><!----> <span>Anfragen <\/span><\/a>\n                <\/span>\n              <\/div>\n            <\/div>\n          <\/div>\n        <\/div>\n      <\/div>\n    <\/div>\n  <\/div>\n<\/div>\n<\/div>\n<\/div>","protected":false},"excerpt":{"rendered":"<p>Deine 4-w\u00f6chige Begleitung Ich begleite dich vier Wochen durch die verschiedensten Themen mit deiner Dualseele und nat\u00fcrlich durch deine Themen. Gemeinsam schauen wir uns in 4 Sitzungen zwischen 45 und 60 Minuten an, wo du gerade stehst und l\u00f6sen, was gel\u00f6st werden darf &#8211; ganz individuell.&nbsp; Wie l\u00e4uft die Begleitung? 4 Termine innerhalb der vier [&hellip;]<\/p>\n","protected":false},"author":1,"featured_media":0,"parent":879,"menu_order":0,"comment_status":"closed","ping_status":"closed","template":"page-templates\/full-width-page.php","meta":{"footnotes":""},"class_list":["post-1606","page","type-page","status-publish","hentry"],"_links":{"self":[{"href":"https:\/\/twinflamelove.de\/index.php\/wp-json\/wp\/v2\/pages\/1606","targetHints":{"allow":["GET"]}}],"collection":[{"href":"https:\/\/twinflamelove.de\/index.php\/wp-json\/wp\/v2\/pages"}],"about":[{"href":"https:\/\/twinflamelove.de\/index.php\/wp-json\/wp\/v2\/types\/page"}],"author":[{"embeddable":true,"href":"https:\/\/twinflamelove.de\/index.php\/wp-json\/wp\/v2\/users\/1"}],"replies":[{"embeddable":true,"href":"https:\/\/twinflamelove.de\/index.php\/wp-json\/wp\/v2\/comments?post=1606"}],"version-history":[{"count":4,"href":"https:\/\/twinflamelove.de\/index.php\/wp-json\/wp\/v2\/pages\/1606\/revisions"}],"predecessor-version":[{"id":1620,"href":"https:\/\/twinflamelove.de\/index.php\/wp-json\/wp\/v2\/pages\/1606\/revisions\/1620"}],"up":[{"embeddable":true,"href":"https:\/\/twinflamelove.de\/index.php\/wp-json\/wp\/v2\/pages\/879"}],"wp:attachment":[{"href":"https:\/\/twinflamelove.de\/index.php\/wp-json\/wp\/v2\/media?parent=1606"}],"curies":[{"name":"wp","href":"https:\/\/api.w.org\/{rel}","templated":true}]}}