{"id":1317,"date":"2025-08-17T12:50:53","date_gmt":"2025-08-17T12:50:53","guid":{"rendered":"https:\/\/twinflamelove.de\/?page_id=1317"},"modified":"2026-01-10T10:18:51","modified_gmt":"2026-01-10T10:18:51","slug":"11-coaching","status":"publish","type":"page","link":"https:\/\/twinflamelove.de\/index.php\/angebote-2\/11-coaching\/","title":{"rendered":"1:1 Coaching"},"content":{"rendered":"<div data-colibri-id=\"1317-c1\" class=\"style-511 style-local-1317-c1 position-relative\">\n  <!---->\n  <div data-colibri-component=\"section\" data-colibri-id=\"1317-c2\" id=\"about\" class=\"h-section h-section-global-spacing d-flex align-items-lg-center align-items-md-center align-items-center style-512 style-local-1317-c2 position-relative\">\n    <!---->\n    <!---->\n    <div class=\"h-section-grid-container h-section-boxed-container\">\n      <!---->\n      <div data-colibri-id=\"1317-c3\" class=\"h-row-container gutters-row-lg-2 gutters-row-md-2 gutters-row-2 gutters-row-v-lg-2 gutters-row-v-md-2 gutters-row-v-2 style-513 style-local-1317-c3 position-relative\">\n        <!---->\n        <div class=\"h-row justify-content-lg-center justify-content-md-center justify-content-center align-items-lg-center align-items-md-center align-items-center gutters-col-lg-2 gutters-col-md-2 gutters-col-2 gutters-col-v-lg-2 gutters-col-v-md-2 gutters-col-v-2\">\n          <!---->\n          <div class=\"h-column h-column-container d-flex h-col-lg-auto h-col-md-auto h-col-auto align-self-lg-center align-self-md-center align-self-center style-514-outer style-local-1317-c4-outer\">\n            <div data-colibri-id=\"1317-c4\" class=\"d-flex h-flex-basis h-column__inner h-px-lg-0 h-px-md-0 h-px-0 v-inner-lg-0 v-inner-md-0 v-inner-0 style-514 style-local-1317-c4 position-relative\">\n              <!---->\n              <!---->\n              <div class=\"w-100 h-y-container h-column__content h-column__v-align flex-basis-100 align-self-lg-center align-self-md-center align-self-center\">\n                <!---->\n                <div data-colibri-id=\"1317-c5\" class=\"h-global-transition-all h-heading style-518 style-local-1317-c5 position-relative h-element\">\n                  <!---->\n                  <div class=\"h-heading__outer style-518 style-local-1317-c5\">\n                    <!---->\n                    <!---->\n                    <h3 class=\"\">1:1 Session &#8211;&nbsp;<em style=\"font-family: &quot;Playfair Display&quot;; color: rgb(247, 144, 7);\">Deine<\/em>&nbsp;pers\u00f6nliche Begleitung<\/h3>\n                  <\/div>\n                <\/div>\n                <div data-colibri-id=\"1317-c6\" class=\"h-text h-text-component style-520 style-local-1317-c6 position-relative h-element\">\n                  <!---->\n                  <!---->\n                  <div class=\"\">\n                    <p>Du steckst mitten im Dualseelenprozess oder stehst gerade an einem Punkt in deinem Leben, an dem du dir Klarheit, Unterst\u00fctzung oder einfach einen sicheren Raum zum Ankommen w\u00fcnschst?<\/p>\n                    <p>In einer 1:1 Session bin ich ganz f\u00fcr dich da \u2013 intuitiv, klar, tief verbunden.\n                      <br>Du darfst alles mitbringen: deine Fragen, deine \u00c4ngste, deine Themen. Gemeinsam schauen wir, was deine Seele dir zeigen m\u00f6chte, l\u00f6sen energetische Blockaden und bringen dich wieder in Verbindung mit deinem inneren Kompass.<\/p>\n                    <p>\n                      <br>\n                    <\/p>\n                  <\/div>\n                <\/div>\n              <\/div>\n            <\/div>\n          <\/div>\n          <div class=\"h-column h-column-container d-flex h-col-lg-auto h-col-md-auto h-col-auto align-self-lg-center align-self-md-center align-self-center style-521-outer style-local-1317-c7-outer\">\n            <div data-colibri-id=\"1317-c7\" class=\"d-flex h-flex-basis h-column__inner h-px-lg-0 h-px-md-0 h-px-0 v-inner-lg-0 v-inner-md-0 v-inner-0 style-521 style-local-1317-c7 position-relative\">\n              <!---->\n              <!---->\n              <div class=\"w-100 h-y-container h-column__content h-column__v-align flex-basis-100 align-self-lg-center align-self-md-center align-self-center\">\n                <!---->\n                <div data-colibri-id=\"1317-c8\" class=\"h-multiple-image style-522 style-local-1317-c8 position-relative h-element\">\n                  <!---->\n                  <div class=\"position-relative\">\n                    <div class=\"h-multiple-image-inside-container\">\n                      <div class=\"ratio-inner\">\n                        <div data-colibri-id=\"1317-c9\" class=\"d-block style-523 style-local-1317-c9 position-relative h-element\">\n                          <!---->\n                          <div class=\"h-image__frame-container-outer\">\n                            <div class=\"h-image__frame-container\">\n                              <!---->\n                              <!---->\n                              <img loading=\"lazy\" decoding=\"async\" width=\"844\" height=\"970\" src=\"https:\/\/twinflamelove.de\/wp-content\/uploads\/2021\/06\/cropped-cropped-cropped-cropped-E7D81024-FBDE-45C1-82E2-071AD0698667_1_201_a-scaled-1-1.jpeg\" class=\"style-522-images style-local-1317-c8-images wp-image-1329 style-523-image style-local-1317-c9-image\" alt=\"\" srcset=\"https:\/\/twinflamelove.de\/wp-content\/uploads\/2021\/06\/cropped-cropped-cropped-cropped-E7D81024-FBDE-45C1-82E2-071AD0698667_1_201_a-scaled-1-1.jpeg 844w, https:\/\/twinflamelove.de\/wp-content\/uploads\/2021\/06\/cropped-cropped-cropped-cropped-E7D81024-FBDE-45C1-82E2-071AD0698667_1_201_a-scaled-1-1-261x300.jpeg 261w, https:\/\/twinflamelove.de\/wp-content\/uploads\/2021\/06\/cropped-cropped-cropped-cropped-E7D81024-FBDE-45C1-82E2-071AD0698667_1_201_a-scaled-1-1-768x883.jpeg 768w\" sizes=\"auto, (max-width: 844px) 100vw, 844px\" \/>\n                              <div class=\"h-image__frame h-hide-lg h-hide-md h-hide-sm style-523-frameImage style-local-1317-c9-frameImage\"><\/div>\n                            <\/div>\n                          <\/div>\n                        <\/div>\n                        <div data-colibri-id=\"1317-c10\" class=\"d-block style-524 style-local-1317-c10 position-relative h-element\">\n                          <!---->\n                          <div class=\"h-image__frame-container-outer\">\n                            <div class=\"h-image__frame-container\">\n                              <!---->\n                              <div class=\"h-image__overlay style-524-overlay style-local-1317-c10-overlay\">\n                                <div class=\"overlay-layer\">\n                                  <div class=\"overlay-image-layer\" style=\"background-color: rgb(215, 228, 228); opacity: 0.5;\"><\/div>\n                                <\/div>\n                              <\/div>\n                              <img loading=\"lazy\" decoding=\"async\" width=\"851\" height=\"1278\" src=\"https:\/\/twinflamelove.de\/wp-content\/uploads\/2022\/10\/cropped-cropped-B4E4C2EE-F1FC-4783-98E5-B112B8CFC125.jpeg\" class=\"style-522-images style-local-1317-c8-images wp-image-1330 style-524-image style-local-1317-c10-image\" alt=\"\" srcset=\"https:\/\/twinflamelove.de\/wp-content\/uploads\/2022\/10\/cropped-cropped-B4E4C2EE-F1FC-4783-98E5-B112B8CFC125.jpeg 851w, https:\/\/twinflamelove.de\/wp-content\/uploads\/2022\/10\/cropped-cropped-B4E4C2EE-F1FC-4783-98E5-B112B8CFC125-200x300.jpeg 200w, https:\/\/twinflamelove.de\/wp-content\/uploads\/2022\/10\/cropped-cropped-B4E4C2EE-F1FC-4783-98E5-B112B8CFC125-682x1024.jpeg 682w, https:\/\/twinflamelove.de\/wp-content\/uploads\/2022\/10\/cropped-cropped-B4E4C2EE-F1FC-4783-98E5-B112B8CFC125-768x1153.jpeg 768w\" sizes=\"auto, (max-width: 851px) 100vw, 851px\" \/>\n                              <div class=\"h-image__frame h-hide-lg h-hide-md h-hide-sm style-524-frameImage style-local-1317-c10-frameImage\"><\/div>\n                            <\/div>\n                          <\/div>\n                        <\/div>\n                      <\/div>\n                    <\/div>\n                  <\/div>\n                <\/div>\n              <\/div>\n            <\/div>\n          <\/div>\n        <\/div>\n      <\/div>\n    <\/div>\n  <\/div>\n  <div data-colibri-component=\"section\" data-colibri-id=\"1317-c11\" id=\"overlappable\" class=\"h-section h-section-global-spacing d-flex align-items-lg-center align-items-md-center align-items-center style-525 style-local-1317-c11 position-relative\">\n    <!---->\n    <!---->\n    <div class=\"h-section-grid-container h-section-boxed-container\">\n      <!---->\n      <div data-colibri-id=\"1317-c12\" class=\"h-row-container gutters-row-lg-0 gutters-row-md-0 gutters-row-0 gutters-row-v-lg-0 gutters-row-v-md-0 gutters-row-v-0 style-526 style-local-1317-c12 position-relative\">\n        <!---->\n        <div class=\"h-row justify-content-lg-center justify-content-md-center justify-content-center align-items-lg-stretch align-items-md-stretch align-items-stretch gutters-col-lg-0 gutters-col-md-0 gutters-col-0 gutters-col-v-lg-0 gutters-col-v-md-0 gutters-col-v-0\">\n          <!---->\n          <div class=\"h-column h-column-container d-flex h-col-lg-4 h-col-md-4 h-col-12 style-527-outer style-local-1317-c13-outer\">\n            <div data-colibri-id=\"1317-c13\" class=\"d-flex h-flex-basis h-column__inner h-px-lg-3 h-px-md-3 h-px-2 v-inner-lg-3 v-inner-md-3 v-inner-2 style-527 style-local-1317-c13 position-relative\">\n              <!---->\n              <!---->\n              <div class=\"w-100 h-y-container h-column__content h-column__v-align flex-basis-100 align-self-lg-start align-self-md-start align-self-start\">\n                <!---->\n                <div data-colibri-id=\"1317-c14\" class=\"h-icon style-528 style-local-1317-c14 position-relative h-element\">\n                  <!----><span class=\"h-svg-icon h-icon__icon style-528-icon style-local-1317-c14-icon\"><!--Icon by Icons8 Line Awesome (https:\/\/icons8.com\/line-awesome)--><svg version=\"1.1\" xmlns=\"http:\/\/www.w3.org\/2000\/svg\" xmlns:xlink=\"http:\/\/www.w3.org\/1999\/xlink\" id=\"forumbee\" viewBox=\"0 0 512 545.5\"><path d=\"M256 79.5c14.992 0 29.404 1.492 43.5 4.5-116.736 43.552-203.864 137.744-247 250-3.344-14.816-5-30.16-5-46 0-114.992 93.492-208.5 208.5-208.5zm118 37c16.848 11.68 32.264 25.968 45 42-56.928 14.832-221.192 75.54-293 292.5-15.872-12.624-29.9-27.828-41.5-44.5 66.8-209.152 233.532-273.824 289.5-290zm73.5 89.5c7.136 16.688 11.94 34.408 14.5 53-151.824 61.856-214.352 185.576-234 235-18.544-2.48-36.328-7.476-53-14.5 19.504-58.336 87.124-213.884 272.5-273.5zM462 317.5c-3.984 27.904-13.596 53.8-27.5 77C444.227 422.42 464 496 464 496l-99.5-30.5c-23.024 14.112-49.208 23.712-77 28 9.696-22.096 32.36-61.464 81-107 42.816-40.08 74.284-59.464 93.5-69z\"><\/path><\/svg><\/span><\/div>\n                <div\n                  data-colibri-id=\"1317-c15\" class=\"h-global-transition-all h-heading style-529 style-local-1317-c15 position-relative h-element\">\n                  <!---->\n                  <div class=\"h-heading__outer style-529 style-local-1317-c15\">\n                    <!---->\n                    <!---->\n                    <h5 class=\"\">Was dich erwartet<\/h5>\n                  <\/div>\n              <\/div>\n              <div data-colibri-id=\"1317-c16\" class=\"h-text h-text-component style-530 style-local-1317-c16 position-relative h-element\">\n                <!---->\n                <!---->\n                <div class=\"\">\n                  <ul>\n                    <li>eine ca. 60-min\u00fctige Einzelsession via Telefon oder per Video<\/li>\n                    <li>individuelle energetische und intuitive Begleitung<\/li>\n                    <li>klare Impulse f\u00fcr deinen n\u00e4chsten Schritt<\/li>\n                    <li>Raum f\u00fcr Heilung, Erkenntnis und Transformation<\/li>\n                  <\/ul>\n                  <p>\n                    <u>Deine Investition: 160 \u20ac (inkl. Mwst.)<\/u>\n                  <\/p>\n                  <p>\n                    <br>\n                  <\/p>\n                  <p>\n                    <br>\n                  <\/p>\n                <\/div>\n              <\/div>\n            <\/div>\n          <\/div>\n        <\/div>\n        <div class=\"h-column h-column-container d-flex h-col-lg-4 h-col-md-4 h-col-12 style-533-outer style-local-1317-c17-outer\">\n          <div data-colibri-id=\"1317-c17\" class=\"d-flex h-flex-basis h-column__inner h-px-lg-3 h-px-md-3 h-px-3 v-inner-lg-3 v-inner-md-3 v-inner-3 style-533 style-local-1317-c17 position-relative\">\n            <!---->\n            <!---->\n            <div class=\"w-100 h-y-container h-column__content h-column__v-align flex-basis-100 align-self-lg-start align-self-md-start align-self-start\">\n              <!---->\n              <div data-colibri-id=\"1317-c18\" class=\"h-icon style-534 style-local-1317-c18 position-relative h-element\">\n                <!----><span class=\"h-svg-icon h-icon__icon style-534-icon style-local-1317-c18-icon\"><!--Icon by Icons8 Line Awesome (https:\/\/icons8.com\/line-awesome)--><svg version=\"1.1\" xmlns=\"http:\/\/www.w3.org\/2000\/svg\" xmlns:xlink=\"http:\/\/www.w3.org\/1999\/xlink\" id=\"cubes\" viewBox=\"0 0 512 545.5\"><path d=\"M256 96l6 2.5 96 38.5 10 4v107.5l86.5 37.5 9.5 4.5v129l-8 5-96 53.5-7.5 4-7.5-3.5-89-44.5-89 44.5-7.5 3.5-7.5-4-96-53.5-8-5v-129l9.5-4.5 86.5-37.5V141l10-4 96-38.5zm0 35l-52.5 20.5L256 172l52.5-20.5zm-80 44v74l64 28.5v-78zm160 0l-64 24.5v78l64-28.5v-74zM160 277l-58 25 58 29 58-28.5zm192 0l-40 17.5-18 8 58 28.5 58-29zM80 326.5V401l64 36v-78.5zm352 0l-64 32V437l64-36v-74.5zm-192 1l-64 31V438l64-32v-78.5zm32 0V406l64 32v-79.5z\"><\/path><\/svg><\/span><\/div>\n              <div\n                data-colibri-id=\"1317-c19\" class=\"h-text h-text-component style-536 style-local-1317-c19 position-relative h-element\">\n                <!---->\n                <!---->\n                <div class=\"\">\n                  <p>Du bist dir nicht sicher, ob die Session das Richtige f\u00fcr dich ist?&nbsp;<\/p>\n                  <p>Schreib mir gern vorab \u00fcber das Kontaktformular &#8211; ich melde mich bei dir.<\/p>\n                  <p>\n                    <br>\n                  <\/p>\n                <\/div>\n            <\/div>\n          <\/div>\n        <\/div>\n      <\/div>\n    <\/div>\n  <\/div>\n  <div data-colibri-id=\"1317-c20\" class=\"h-row-container gutters-row-lg-2 gutters-row-md-2 gutters-row-0 gutters-row-v-lg-2 gutters-row-v-md-2 gutters-row-v-2 style-543 style-local-1317-c20 position-relative\">\n    <!---->\n    <div class=\"h-row justify-content-lg-center justify-content-md-center justify-content-center align-items-lg-stretch align-items-md-stretch align-items-stretch gutters-col-lg-2 gutters-col-md-2 gutters-col-0 gutters-col-v-lg-2 gutters-col-v-md-2 gutters-col-v-2\">\n      <!---->\n      <div class=\"h-column h-column-container d-flex h-col-lg-auto h-col-md-auto h-col-auto style-544-outer style-local-1317-c21-outer\">\n        <div data-colibri-id=\"1317-c21\" class=\"d-flex h-flex-basis h-column__inner h-px-lg-2 h-px-md-2 h-px-2 v-inner-lg-2 v-inner-md-2 v-inner-2 style-544 style-local-1317-c21 position-relative\">\n          <!---->\n          <!---->\n          <div class=\"w-100 h-y-container h-column__content h-column__v-align flex-basis-100 align-self-lg-start align-self-md-start align-self-start\">\n            <!---->\n            <div data-colibri-id=\"1317-c22\" class=\"h-x-container style-531 style-local-1317-c22 position-relative h-element\">\n              <!---->\n              <div class=\"h-x-container-inner style-dynamic-1317-c22-group style-531-spacing style-local-1317-c22-spacing\"><span class=\"h-button__outer style-537-outer style-local-1317-c23-outer d-inline-flex h-element\"><a h-use-smooth-scroll=\"true\" href=\"https:\/\/twinflamelove.de\/index.php\/kontakt\/\"  data-colibri-id=\"1317-c23\" class=\"d-flex w-100 align-items-center h-button justify-content-lg-center justify-content-md-center justify-content-center style-537 style-local-1317-c23 position-relative\"><!----><!----> <span>Jetzt anfragen<\/span><\/a>\n                <\/span>\n              <\/div>\n            <\/div>\n          <\/div>\n        <\/div>\n      <\/div>\n    <\/div>\n  <\/div>\n<\/div>\n<\/div>\n<\/div>","protected":false},"excerpt":{"rendered":"<p>1:1 Session &#8211;&nbsp;Deine&nbsp;pers\u00f6nliche Begleitung Du steckst mitten im Dualseelenprozess oder stehst gerade an einem Punkt in deinem Leben, an dem du dir Klarheit, Unterst\u00fctzung oder einfach einen sicheren Raum zum Ankommen w\u00fcnschst? In einer 1:1 Session bin ich ganz f\u00fcr dich da \u2013 intuitiv, klar, tief verbunden. Du darfst alles mitbringen: deine Fragen, deine \u00c4ngste, [&hellip;]<\/p>\n","protected":false},"author":1,"featured_media":0,"parent":879,"menu_order":0,"comment_status":"closed","ping_status":"closed","template":"page-templates\/full-width-page.php","meta":{"footnotes":""},"class_list":["post-1317","page","type-page","status-publish","hentry"],"_links":{"self":[{"href":"https:\/\/twinflamelove.de\/index.php\/wp-json\/wp\/v2\/pages\/1317","targetHints":{"allow":["GET"]}}],"collection":[{"href":"https:\/\/twinflamelove.de\/index.php\/wp-json\/wp\/v2\/pages"}],"about":[{"href":"https:\/\/twinflamelove.de\/index.php\/wp-json\/wp\/v2\/types\/page"}],"author":[{"embeddable":true,"href":"https:\/\/twinflamelove.de\/index.php\/wp-json\/wp\/v2\/users\/1"}],"replies":[{"embeddable":true,"href":"https:\/\/twinflamelove.de\/index.php\/wp-json\/wp\/v2\/comments?post=1317"}],"version-history":[{"count":4,"href":"https:\/\/twinflamelove.de\/index.php\/wp-json\/wp\/v2\/pages\/1317\/revisions"}],"predecessor-version":[{"id":1577,"href":"https:\/\/twinflamelove.de\/index.php\/wp-json\/wp\/v2\/pages\/1317\/revisions\/1577"}],"up":[{"embeddable":true,"href":"https:\/\/twinflamelove.de\/index.php\/wp-json\/wp\/v2\/pages\/879"}],"wp:attachment":[{"href":"https:\/\/twinflamelove.de\/index.php\/wp-json\/wp\/v2\/media?parent=1317"}],"curies":[{"name":"wp","href":"https:\/\/api.w.org\/{rel}","templated":true}]}}